{"id":32,"date":"2015-02-03T19:54:49","date_gmt":"2015-02-03T19:54:49","guid":{"rendered":"http:\/\/www.bieblrecords.de\/WP\/?page_id=32"},"modified":"2016-09-13T15:34:37","modified_gmt":"2016-09-13T15:34:37","slug":"impressum","status":"publish","type":"page","link":"http:\/\/www.bieblrecords.de\/WP\/?page_id=32","title":{"rendered":"Impressum"},"content":{"rendered":"<p><span style=\"font-size: large;\">IMPRESSUM:<\/span><br \/>\nBIEBLRECORDS<br \/>\nManuel Biebl<br \/>\nKolpingstrasse 61d<br \/>\n86916 Kaufering<\/p>\n<p>Telefon: 0176\/21518383<br \/>\nE-Mail: manuel@bieblrecords.de<br \/>\nInternet: www.bieblrecords.de<\/p>\n<p><span style=\"font-size: large;\">DISCLAIMER UND RECHTLICHE HINWEISE:<\/span><\/p>\n<p>1. HAFTUNGSBESCHR\u00c4NKUNG<\/p>\n<p style=\"text-align: justify;\">Inhalte dieser Website<br \/>\nDie Inhalte dieser Website werden mit gr\u00f6\u00dftm\u00f6glicher Sorgfalt erstellt. Der Anbieter \u00fcbernimmt jedoch keine Gew\u00e4hr f\u00fcr die Richtigkeit, Vollst\u00e4ndigkeit und Aktualit\u00e4t der bereitgestellten Inhalte. Die Nutzung der Inhalte der Website erfolgt auf eigene Gefahr des Nutzers. Namentlich gekennzeichnete Beitr\u00e4ge geben die Meinung des jeweiligen Autors und nicht immer die Meinung des Anbieters wieder.<\/p>\n<p style=\"text-align: justify;\">Verf\u00fcgbarkeit der Website<br \/>\nDer Anbieter wird sich bem\u00fchen, den Dienst m\u00f6glichst unterbrechungsfrei zum Abruf anzubieten. Auch bei aller Sorgfalt k\u00f6nnen aber Ausfallzeiten nicht ausgeschlossen werden. Der Anbieter beh\u00e4lt sich das Recht vor, sein Angebot jederzeit zu \u00e4ndern oder einzustellen.<\/p>\n<p style=\"text-align: justify;\">Externe Links<br \/>\nDiese Website enth\u00e4lt Verkn\u00fcpfungen zu Websites Dritter (&#8222;externe Links&#8220;). Diese Websites<br \/>\nunterliegen der Haftung der jeweiligen Betreiber. Der Anbieter hat bei der erstmaligen<br \/>\nVerkn\u00fcpfung der externen Links die fremden Inhalte daraufhin \u00fcberpr\u00fcft, ob etwaige<br \/>\nRechtsverst\u00f6\u00dfe bestehen. Zu dem Zeitpunkt waren keine Rechtsverst\u00f6\u00dfe ersichtlich. Der Anbieter hat keinerlei Einfluss auf die aktuelle und zuk\u00fcnftige Gestaltung und auf die Inhalte der verkn\u00fcpften Seiten. Das Setzen von externen Links bedeutet nicht, dass sich der Anbieter die hinter dem Verweis oder Link liegenden Inhalte zu Eigen macht. Eine st\u00e4ndige Kontrolle dieser externen Links ist f\u00fcr den Anbieter ohne konkrete Hinweise auf Rechtsverst\u00f6\u00dfe nicht zumutbar. Bei Kenntnis von Rechtsverst\u00f6\u00dfen werden jedoch derartige externe Links unverz\u00fcglich gel\u00f6scht.<\/p>\n<p style=\"text-align: justify;\">Werbeanzeigen<br \/>\nF\u00fcr den Inhalt der Werbeanzeigen ist der jeweilige Autor verantwortlich, ebenso wie f\u00fcr den Inhalt der beworbenen Website. Die Darstellung der Werbeanzeige stellt keine Akzeptanz durch den Anbieter dar.<\/p>\n<p style=\"text-align: justify;\">Kein Vertragsverh\u00e4ltnis<br \/>\nMit der Nutzung der Website des Anbieters kommt keinerlei Vertragsverh\u00e4ltnis zwischen dem Nutzer und dem Anbieter zustande. Insofern ergeben sich auch keinerlei vertragliche<br \/>\noder quasivertragliche Anspr\u00fcche gegen den Anbieter.<\/p>\n<p>2. URHEBER- UND LEISTUNGSSCHUTZRECHTE<\/p>\n<p style=\"text-align: justify;\">Die auf dieser Website ver\u00f6ffentlichten Inhalte unterliegen dem deutschen Urheber- und<br \/>\nLeistungsschutzrecht. Jede vom deutschen Urheber- und Leistungsschutzrecht nicht zugelassene Verwertung bedarf der vorherigen schriftlichen Zustimmung des Anbieters oder jeweiligen Rechteinhabers. Dies gilt insbesondere f\u00fcr Vervielf\u00e4ltigung, Bearbeitung, \u00dcbersetzung, Einspeicherung, Verarbeitung bzw. Wiedergabe von Inhalten in Datenbanken oder anderen elektronischen Medien und Systemen. Inhalte und Rechte Dritter sind dabei als solche gekennzeichnet. Die unerlaubte Vervielf\u00e4ltigung oder Weitergabe einzelner Inhalte oder kompletter Seiten ist nicht gestattet und strafbar. Lediglich die Herstellung von Kopien und Downloads f\u00fcr den pers\u00f6nlichen, privaten und nicht kommerziellen Gebrauch ist erlaubt. Links zur Website des Anbieters sind jederzeit willkommen und bed\u00fcrfen keiner Zustimmung durch den Anbieter der Website. Die Darstellung dieser Website in fremden Frames ist nur mit Erlaubnis zul\u00e4ssig.<\/p>\n<p>3. DATENSCHUTZ<\/p>\n<p style=\"text-align: justify;\">Durch den Besuch der Website des Anbieters k\u00f6nnen Informationen \u00fcber den Zugriff (Datum, Uhrzeit, betrachtete Seite) werden. Diese Daten geh\u00f6ren nicht zu den personenbezogenen Daten, sondern sind anonymisiert. Sie werden ausschlie\u00dflich zu statistischen Zwecken ausgewertet. Eine Weitergabe an Dritte, zu kommerziellen oder nichtkommerziellen Zwecken, findet nicht statt. Der Anbieter weist ausdr\u00fccklich darauf hin, dass die Daten\u00fcbertragung im Internet (z.B. bei der Kommunikation per E-Mail) Sicherheitsl\u00fccken aufweisen und nicht l\u00fcckenlos vor dem Zugriff durch Dritte gesch\u00fctzt werden kann. Die Verwendung der Kontaktdaten des Impressums zur gewerblichen Werbung ist ausdr\u00fccklich nicht erw\u00fcnscht, es sei denn der Anbieter hatte zuvor seine schriftliche Einwilligung erteilt oder es besteht bereits eine Gesch\u00e4ftsbeziehung. Der Anbieter und alle auf dieser Website genannten Personen widersprechen hiermit jeder kommerziellen Verwendung und Weitergabe ihrer Daten.<\/p>\n<p>4. ANWENDBARES RECHT<\/p>\n<p style=\"text-align: justify;\">Es gilt ausschlie\u00dflich das ma\u00dfgebliche Recht der Bundesrepublik Deutschland.<\/p>\n<p>5. BESONDERE NUTZUNGSBEDINGUNGEN<\/p>\n<p style=\"text-align: justify;\">Soweit besondere Bedingungen f\u00fcr einzelne Nutzungen dieser Website von den vorgenannten Nummern 1. bis 4. abweichen, wird an entsprechender Stelle ausdr\u00fccklich darauf hingewiesen. In diesem Falle gelten im jeweiligen Einzelfall die besonderen Nutzungsbedingungen.<\/p>\n<p><span style=\"font-size: large;\">QUELLE:<\/span><\/p>\n<p><a title=\"juraforum\" href=\"http:\/\/http:\/\/www.juraforum.de\/\" target=\"_blank\"><span style=\"color: #cc0000;\">Juraforum.de<\/span><\/a><\/p>\n","protected":false},"excerpt":{"rendered":"<p>IMPRESSUM: BIEBLRECORDS Manuel Biebl Kolpingstrasse 61d 86916 Kaufering Telefon: 0176\/21518383 E-Mail: manuel@bieblrecords.de Internet: www.bieblrecords.de DISCLAIMER UND RECHTLICHE HINWEISE: 1. HAFTUNGSBESCHR\u00c4NKUNG Inhalte dieser Website Die Inhalte dieser Website werden mit gr\u00f6\u00dftm\u00f6glicher Sorgfalt erstellt. Der Anbieter \u00fcbernimmt jedoch keine Gew\u00e4hr f\u00fcr die Richtigkeit, Vollst\u00e4ndigkeit und Aktualit\u00e4t der bereitgestellten Inhalte. Die Nutzung der Inhalte der Website erfolgt auf [&hellip;]<\/p>\n","protected":false},"author":1,"featured_media":0,"parent":0,"menu_order":0,"comment_status":"closed","ping_status":"closed","template":"","meta":[],"_links":{"self":[{"href":"http:\/\/www.bieblrecords.de\/WP\/index.php?rest_route=\/wp\/v2\/pages\/32"}],"collection":[{"href":"http:\/\/www.bieblrecords.de\/WP\/index.php?rest_route=\/wp\/v2\/pages"}],"about":[{"href":"http:\/\/www.bieblrecords.de\/WP\/index.php?rest_route=\/wp\/v2\/types\/page"}],"author":[{"embeddable":true,"href":"http:\/\/www.bieblrecords.de\/WP\/index.php?rest_route=\/wp\/v2\/users\/1"}],"replies":[{"embeddable":true,"href":"http:\/\/www.bieblrecords.de\/WP\/index.php?rest_route=%2Fwp%2Fv2%2Fcomments&post=32"}],"version-history":[{"count":7,"href":"http:\/\/www.bieblrecords.de\/WP\/index.php?rest_route=\/wp\/v2\/pages\/32\/revisions"}],"predecessor-version":[{"id":69,"href":"http:\/\/www.bieblrecords.de\/WP\/index.php?rest_route=\/wp\/v2\/pages\/32\/revisions\/69"}],"wp:attachment":[{"href":"http:\/\/www.bieblrecords.de\/WP\/index.php?rest_route=%2Fwp%2Fv2%2Fmedia&parent=32"}],"curies":[{"name":"wp","href":"https:\/\/api.w.org\/{rel}","templated":true}]}}